{"id":30,"date":"2022-11-09T20:51:40","date_gmt":"2022-11-09T19:51:40","guid":{"rendered":"http:\/\/felicikeys.local\/?page_id=30"},"modified":"2026-04-10T16:33:58","modified_gmt":"2026-04-10T14:33:58","slug":"mentions-legales","status":"publish","type":"page","link":"https:\/\/felicikeys.fr\/index.php\/mentions-legales\/","title":{"rendered":"Mentions l\u00e9gales"},"content":{"rendered":"\t\t<div data-elementor-type=\"wp-page\" data-elementor-id=\"30\" class=\"elementor elementor-30\">\n\t\t\t\t\t\t<section class=\"elementor-section elementor-top-section elementor-element elementor-element-816bfc9 elementor-section-boxed elementor-section-height-default elementor-section-height-default\" data-id=\"816bfc9\" data-element_type=\"section\" data-e-type=\"section\">\n\t\t\t\t\t\t<div class=\"elementor-container elementor-column-gap-default\">\n\t\t\t\t\t<div class=\"elementor-column elementor-col-100 elementor-top-column elementor-element elementor-element-4109a9f\" data-id=\"4109a9f\" data-element_type=\"column\" data-e-type=\"column\">\n\t\t\t<div class=\"elementor-widget-wrap elementor-element-populated\">\n\t\t\t\t\t\t<div class=\"elementor-element elementor-element-8318430 elementor-widget elementor-widget-text-editor\" data-id=\"8318430\" data-element_type=\"widget\" data-e-type=\"widget\" data-widget_type=\"text-editor.default\">\n\t\t\t\t<div class=\"elementor-widget-container\">\n\t\t\t\t\t\t\t\t\t<h1>Mentions l\u00e9gales<\/h1><h2>1. \u00c9diteur du site<\/h2><p>Le pr\u00e9sent site, accessible \u00e0 l\u2019adresse <strong>felicikeys.fr<\/strong>, est \u00e9dit\u00e9 par :<\/p><p><strong>Nom \/ Pr\u00e9nom :<\/strong> [\u00c0 compl\u00e9ter]<br \/><strong>Statut :<\/strong> [Auto-entrepreneur \/ Soci\u00e9t\u00e9]<br \/><strong>Adresse :<\/strong> [Adresse compl\u00e8te]<br \/><strong>Email :<\/strong> [Email de contact]<br \/><strong>T\u00e9l\u00e9phone :<\/strong> [Num\u00e9ro de t\u00e9l\u00e9phone]<br \/><strong>SIRET :<\/strong> [Num\u00e9ro SIRET]<\/p><hr \/><h2>2. Directeur de la publication<\/h2><p>Le directeur de la publication est :<br \/><strong>[Nom \/ Pr\u00e9nom]<\/strong><\/p><hr \/><h2>3. H\u00e9bergement<\/h2><p>Le site est h\u00e9berg\u00e9 par :<\/p><p><strong>Hostinger International Ltd.<\/strong><br \/>61 Lordou Vironos Street<br \/>6023 Larnaca, Chypre<br \/>Site web : <a href=\"https:\/\/www.hostinger.fr\/\">https:\/\/www.hostinger.fr<\/a><\/p><hr \/><h2>4. Propri\u00e9t\u00e9 intellectuelle<\/h2><p>L\u2019ensemble des contenus pr\u00e9sents sur le site (textes, images, graphismes, logo, vid\u00e9os, ic\u00f4nes, etc.) est la propri\u00e9t\u00e9 exclusive de l\u2019\u00e9diteur du site, sauf mentions contraires.<\/p><p>Toute reproduction, repr\u00e9sentation, modification, publication ou adaptation de tout ou partie des \u00e9l\u00e9ments du site, quel que soit le moyen ou le proc\u00e9d\u00e9 utilis\u00e9, est interdite sauf autorisation \u00e9crite pr\u00e9alable.<\/p><hr \/><h2>5. Responsabilit\u00e9<\/h2><p>L\u2019\u00e9diteur du site met tout en \u0153uvre pour fournir des informations aussi pr\u00e9cises que possible. Toutefois, il ne pourra \u00eatre tenu responsable des omissions, des inexactitudes et des carences dans la mise \u00e0 jour.<\/p><p>L\u2019utilisateur du site reconna\u00eet utiliser ces informations sous sa responsabilit\u00e9 exclusive.<\/p><hr \/><h2>6. Donn\u00e9es personnelles<\/h2><p>Le site peut collecter certaines donn\u00e9es personnelles (formulaire de contact, etc.).<\/p><p>Conform\u00e9ment au <strong>R\u00e8glement G\u00e9n\u00e9ral sur la Protection des Donn\u00e9es (RGPD)<\/strong>, vous disposez d\u2019un droit d\u2019acc\u00e8s, de rectification et de suppression de vos donn\u00e9es.<\/p><p>Pour exercer ce droit, vous pouvez contacter :<br \/><strong>[Email de contact]<\/strong><\/p><hr \/><h2>7. Cookies<\/h2><p>Le site peut utiliser des cookies afin d\u2019am\u00e9liorer l\u2019exp\u00e9rience utilisateur.<\/p><p>L\u2019utilisateur peut configurer son navigateur pour refuser les cookies.<\/p><hr \/><h2>8. Droit applicable<\/h2><p>Le pr\u00e9sent site est soumis au droit fran\u00e7ais.<\/p><p>En cas de litige, les tribunaux fran\u00e7ais seront seuls comp\u00e9tents.<\/p>\t\t\t\t\t\t\t\t<\/div>\n\t\t\t\t<\/div>\n\t\t\t\t\t<\/div>\n\t\t<\/div>\n\t\t\t\t\t<\/div>\n\t\t<\/section>\n\t\t\t\t<\/div>\n\t\t","protected":false},"excerpt":{"rendered":"<p>Mentions l\u00e9gales 1. \u00c9diteur du site Le pr\u00e9sent site, accessible \u00e0 l\u2019adresse felicikeys.fr, est \u00e9dit\u00e9 par : Nom \/ Pr\u00e9nom : [\u00c0 compl\u00e9ter]Statut : [Auto-entrepreneur \/ Soci\u00e9t\u00e9]Adresse : [Adresse compl\u00e8te]Email : [Email de contact]T\u00e9l\u00e9phone : [Num\u00e9ro de t\u00e9l\u00e9phone]SIRET : [Num\u00e9ro SIRET] 2. Directeur de la publication Le directeur de la publication est :[Nom \/ Pr\u00e9nom] [&hellip;]<\/p>\n","protected":false},"author":7,"featured_media":0,"parent":0,"menu_order":0,"comment_status":"closed","ping_status":"closed","template":"","meta":{"site-sidebar-layout":"no-sidebar","site-content-layout":"page-builder","ast-site-content-layout":"default","site-content-style":"default","site-sidebar-style":"default","ast-global-header-display":"","ast-banner-title-visibility":"","ast-main-header-display":"","ast-hfb-above-header-display":"","ast-hfb-below-header-display":"","ast-hfb-mobile-header-display":"","site-post-title":"disabled","ast-breadcrumbs-content":"","ast-featured-img":"disabled","footer-sml-layout":"","ast-disable-related-posts":"","theme-transparent-header-meta":"","adv-header-id-meta":"","stick-header-meta":"","header-above-stick-meta":"","header-main-stick-meta":"","header-below-stick-meta":"","astra-migrate-meta-layouts":"default","ast-page-background-enabled":"default","ast-page-background-meta":{"desktop":{"background-color":"var(--ast-global-color-4)","background-image":"","background-repeat":"repeat","background-position":"center center","background-size":"auto","background-attachment":"scroll","background-type":"","background-media":"","overlay-type":"","overlay-color":"","overlay-opacity":"","overlay-gradient":""},"tablet":{"background-color":"","background-image":"","background-repeat":"repeat","background-position":"center center","background-size":"auto","background-attachment":"scroll","background-type":"","background-media":"","overlay-type":"","overlay-color":"","overlay-opacity":"","overlay-gradient":""},"mobile":{"background-color":"","background-image":"","background-repeat":"repeat","background-position":"center center","background-size":"auto","background-attachment":"scroll","background-type":"","background-media":"","overlay-type":"","overlay-color":"","overlay-opacity":"","overlay-gradient":""}},"ast-content-background-meta":{"desktop":{"background-color":"var(--ast-global-color-5)","background-image":"","background-repeat":"repeat","background-position":"center center","background-size":"auto","background-attachment":"scroll","background-type":"","background-media":"","overlay-type":"","overlay-color":"","overlay-opacity":"","overlay-gradient":""},"tablet":{"background-color":"var(--ast-global-color-5)","background-image":"","background-repeat":"repeat","background-position":"center center","background-size":"auto","background-attachment":"scroll","background-type":"","background-media":"","overlay-type":"","overlay-color":"","overlay-opacity":"","overlay-gradient":""},"mobile":{"background-color":"var(--ast-global-color-5)","background-image":"","background-repeat":"repeat","background-position":"center center","background-size":"auto","background-attachment":"scroll","background-type":"","background-media":"","overlay-type":"","overlay-color":"","overlay-opacity":"","overlay-gradient":""}},"footnotes":""},"class_list":["post-30","page","type-page","status-publish","hentry"],"_links":{"self":[{"href":"https:\/\/felicikeys.fr\/index.php\/wp-json\/wp\/v2\/pages\/30","targetHints":{"allow":["GET"]}}],"collection":[{"href":"https:\/\/felicikeys.fr\/index.php\/wp-json\/wp\/v2\/pages"}],"about":[{"href":"https:\/\/felicikeys.fr\/index.php\/wp-json\/wp\/v2\/types\/page"}],"author":[{"embeddable":true,"href":"https:\/\/felicikeys.fr\/index.php\/wp-json\/wp\/v2\/users\/7"}],"replies":[{"embeddable":true,"href":"https:\/\/felicikeys.fr\/index.php\/wp-json\/wp\/v2\/comments?post=30"}],"version-history":[{"count":11,"href":"https:\/\/felicikeys.fr\/index.php\/wp-json\/wp\/v2\/pages\/30\/revisions"}],"predecessor-version":[{"id":183686,"href":"https:\/\/felicikeys.fr\/index.php\/wp-json\/wp\/v2\/pages\/30\/revisions\/183686"}],"wp:attachment":[{"href":"https:\/\/felicikeys.fr\/index.php\/wp-json\/wp\/v2\/media?parent=30"}],"curies":[{"name":"wp","href":"https:\/\/api.w.org\/{rel}","templated":true}]}}