{"id":22,"date":"2022-11-09T20:50:38","date_gmt":"2022-11-09T19:50:38","guid":{"rendered":"http:\/\/felicikeys.local\/?page_id=22"},"modified":"2026-04-02T16:14:04","modified_gmt":"2026-04-02T14:14:04","slug":"qui-sommes-nous","status":"publish","type":"page","link":"https:\/\/felicikeys.fr\/index.php\/qui-sommes-nous\/","title":{"rendered":"Qui sommes-nous ?"},"content":{"rendered":"\t\t<div data-elementor-type=\"wp-page\" data-elementor-id=\"22\" class=\"elementor elementor-22\">\n\t\t\t\t\t\t<section class=\"elementor-section elementor-top-section elementor-element elementor-element-1a062dfc elementor-section-full_width elementor-section-height-full elementor-section-height-default elementor-section-items-middle\" data-id=\"1a062dfc\" data-element_type=\"section\" data-e-type=\"section\" data-settings=\"{&quot;background_background&quot;:&quot;classic&quot;,&quot;animation&quot;:&quot;none&quot;}\">\n\t\t\t\t\t\t\t<div class=\"elementor-background-overlay\"><\/div>\n\t\t\t\t\t\t\t<div class=\"elementor-container elementor-column-gap-default\">\n\t\t\t\t\t<div class=\"elementor-column elementor-col-100 elementor-top-column elementor-element elementor-element-40ef4d84 elementor-invisible\" data-id=\"40ef4d84\" data-element_type=\"column\" data-e-type=\"column\" data-settings=\"{&quot;animation&quot;:&quot;fadeInUp&quot;}\">\n\t\t\t<div class=\"elementor-widget-wrap elementor-element-populated\">\n\t\t\t\t\t\t<div class=\"elementor-element elementor-element-2b4015c elementor-widget elementor-widget-heading\" data-id=\"2b4015c\" data-element_type=\"widget\" data-e-type=\"widget\" data-settings=\"{&quot;_animation&quot;:&quot;none&quot;}\" data-widget_type=\"heading.default\">\n\t\t\t\t<div class=\"elementor-widget-container\">\n\t\t\t\t\t<h1 class=\"elementor-heading-title elementor-size-default\">Qui sommes-nous ?<\/h1>\t\t\t\t<\/div>\n\t\t\t\t<\/div>\n\t\t\t\t\t<\/div>\n\t\t<\/div>\n\t\t\t\t\t<\/div>\n\t\t<\/section>\n\t\t\t\t<section class=\"elementor-section elementor-top-section elementor-element elementor-element-e76dc46 elementor-section-boxed elementor-section-height-default elementor-section-height-default\" data-id=\"e76dc46\" data-element_type=\"section\" data-e-type=\"section\">\n\t\t\t\t\t\t<div class=\"elementor-container elementor-column-gap-default\">\n\t\t\t\t\t<div class=\"elementor-column elementor-col-50 elementor-top-column elementor-element elementor-element-3f618dbf\" data-id=\"3f618dbf\" data-element_type=\"column\" data-e-type=\"column\">\n\t\t\t<div class=\"elementor-widget-wrap elementor-element-populated\">\n\t\t\t\t\t\t<div class=\"elementor-element elementor-element-4730edf1 elementor-widget elementor-widget-image\" data-id=\"4730edf1\" data-element_type=\"widget\" data-e-type=\"widget\" data-widget_type=\"image.default\">\n\t\t\t\t<div class=\"elementor-widget-container\">\n\t\t\t\t\t\t\t\t\t\t\t\t\t\t\t<img fetchpriority=\"high\" decoding=\"async\" width=\"470\" height=\"692\" src=\"https:\/\/felicikeys.fr\/wp-content\/uploads\/2026\/04\/Capture-decran-2026-04-01-a-10.39.52.png\" class=\"attachment-large size-large wp-image-183631\" alt=\"\" srcset=\"https:\/\/felicikeys.fr\/wp-content\/uploads\/2026\/04\/Capture-decran-2026-04-01-a-10.39.52.png 470w, https:\/\/felicikeys.fr\/wp-content\/uploads\/2026\/04\/Capture-decran-2026-04-01-a-10.39.52-204x300.png 204w\" sizes=\"(max-width: 470px) 100vw, 470px\" \/>\t\t\t\t\t\t\t\t\t\t\t\t\t\t\t<\/div>\n\t\t\t\t<\/div>\n\t\t\t\t\t<\/div>\n\t\t<\/div>\n\t\t\t\t<div class=\"elementor-column elementor-col-50 elementor-top-column elementor-element elementor-element-467dd822\" data-id=\"467dd822\" data-element_type=\"column\" data-e-type=\"column\">\n\t\t\t<div class=\"elementor-widget-wrap elementor-element-populated\">\n\t\t\t\t\t\t<div class=\"elementor-element elementor-element-4e9614df elementor-widget elementor-widget-text-editor\" data-id=\"4e9614df\" data-element_type=\"widget\" data-e-type=\"widget\" data-widget_type=\"text-editor.default\">\n\t\t\t\t<div class=\"elementor-widget-container\">\n\t\t\t\t\t\t\t\t\t<p class=\"font-claude-response-body break-words whitespace-normal leading-[1.7]\">Je suis Sarah, fondatrice de F\u00e9licikeys.<\/p><p class=\"font-claude-response-body break-words whitespace-normal leading-[1.7]\">On dit de moi que je suis un 4\u00d74 ! S\u00fbrement parce que j&rsquo;ai eu plusieurs vies dans une vie\u2026 ing\u00e9nieure et marketeuse de formation, je suis responsable de projets informatiques, ancienne chef de produit et conseill\u00e8re patrimoniale, mais aussi voyageuse \u00e9picurienne et exigeante.<\/p><p class=\"font-claude-response-body break-words whitespace-normal leading-[1.7]\">J&rsquo;ai pass\u00e9 des ann\u00e9es \u00e0 g\u00e9rer des projets complexes, \u00e0 coordonner des \u00e9quipes fiables, \u00e0 structurer des process et \u00e0 garantir des r\u00e9sultats mesurables. Aujourd&rsquo;hui, je mets \u00e0 profit ces comp\u00e9tences et qualit\u00e9s au service de F\u00e9licikeys, ma conciergerie premium pour la r\u00e9ussite de vos projets d&rsquo;investissement immobilier et la protection de votre patrimoine.<\/p><p class=\"font-claude-response-body break-words whitespace-normal leading-[1.7]\">Sarah \u2014 Fondatrice &amp; G\u00e9rante Felicikeys<\/p>\t\t\t\t\t\t\t\t<\/div>\n\t\t\t\t<\/div>\n\t\t\t\t\t<\/div>\n\t\t<\/div>\n\t\t\t\t\t<\/div>\n\t\t<\/section>\n\t\t\t\t<section class=\"elementor-section elementor-top-section elementor-element elementor-element-5528c663 elementor-section-boxed elementor-section-height-default elementor-section-height-default\" data-id=\"5528c663\" data-element_type=\"section\" data-e-type=\"section\">\n\t\t\t\t\t\t<div class=\"elementor-container elementor-column-gap-default\">\n\t\t\t\t\t<div class=\"elementor-column elementor-col-100 elementor-top-column elementor-element elementor-element-7a27d623\" data-id=\"7a27d623\" data-element_type=\"column\" data-e-type=\"column\">\n\t\t\t<div class=\"elementor-widget-wrap elementor-element-populated\">\n\t\t\t\t\t\t<div class=\"elementor-element elementor-element-5d7dae64 elementor-widget elementor-widget-heading\" data-id=\"5d7dae64\" data-element_type=\"widget\" data-e-type=\"widget\" data-widget_type=\"heading.default\">\n\t\t\t\t<div class=\"elementor-widget-container\">\n\t\t\t\t\t<h2 class=\"elementor-heading-title elementor-size-default\">Le Concept de Felicikeys<\/h2>\t\t\t\t<\/div>\n\t\t\t\t<\/div>\n\t\t\t\t\t<\/div>\n\t\t<\/div>\n\t\t\t\t\t<\/div>\n\t\t<\/section>\n\t\t\t\t<section class=\"elementor-section elementor-top-section elementor-element elementor-element-39e54065 elementor-section-full_width elementor-section-height-default elementor-section-height-default\" data-id=\"39e54065\" data-element_type=\"section\" data-e-type=\"section\">\n\t\t\t\t\t\t<div class=\"elementor-container elementor-column-gap-default\">\n\t\t\t\t\t<div class=\"elementor-column elementor-col-100 elementor-top-column elementor-element elementor-element-27517ee3\" data-id=\"27517ee3\" data-element_type=\"column\" data-e-type=\"column\" data-settings=\"{&quot;background_background&quot;:&quot;classic&quot;}\">\n\t\t\t<div class=\"elementor-widget-wrap elementor-element-populated\">\n\t\t\t\t\t\t<div class=\"elementor-element elementor-element-5dd6727a elementor-widget elementor-widget-text-editor\" data-id=\"5dd6727a\" data-element_type=\"widget\" data-e-type=\"widget\" data-widget_type=\"text-editor.default\">\n\t\t\t\t<div class=\"elementor-widget-container\">\n\t\t\t\t\t\t\t\t\t<p>F\u00e9licikeys s&rsquo;inspire de mes exp\u00e9riences personnelles et professionnelles :<\/p><ul><li>une haute culture du service et de la qualit\u00e9, au service de la satisfaction de mes clients<\/li><li>un sens accru du d\u00e9tail, pour faire la diff\u00e9rence et sortir du lot<\/li><li>un sens d\u00e9velopp\u00e9 de l&rsquo;organisation et de l&rsquo;anticipation, inh\u00e9rent \u00e0 la gestion de projets r\u00e9ussis<\/li><li>un go\u00fbt du beau et de l&rsquo;\u00e9l\u00e9gance, inspir\u00e9e des standards h\u00f4teliers haut de gamme<\/li><li>un pragmatisme de l&rsquo;utilisation, \u00e9prouv\u00e9 par des projets personnels de r\u00e9novation de biens<\/li><li>une conviction forte et exprim\u00e9e pour le d\u00e9veloppement durable, le respect des lieux et des personnes, pour vivre mieux aujourd&rsquo;hui dans un monde que l&rsquo;on pourra transmettre demain aux g\u00e9n\u00e9rations futures.<\/li><\/ul>\t\t\t\t\t\t\t\t<\/div>\n\t\t\t\t<\/div>\n\t\t\t\t\t<\/div>\n\t\t<\/div>\n\t\t\t\t\t<\/div>\n\t\t<\/section>\n\t\t\t\t<\/div>\n\t\t","protected":false},"excerpt":{"rendered":"<p>Qui sommes-nous ? Je suis Sarah, fondatrice de F\u00e9licikeys. On dit de moi que je suis un 4\u00d74 ! S\u00fbrement parce que j&rsquo;ai eu plusieurs vies dans une vie\u2026 ing\u00e9nieure et marketeuse de formation, je suis responsable de projets informatiques, ancienne chef de produit et conseill\u00e8re patrimoniale, mais aussi voyageuse \u00e9picurienne et exigeante. J&rsquo;ai pass\u00e9 [&hellip;]<\/p>\n","protected":false},"author":7,"featured_media":0,"parent":0,"menu_order":0,"comment_status":"closed","ping_status":"closed","template":"","meta":{"site-sidebar-layout":"no-sidebar","site-content-layout":"page-builder","ast-site-content-layout":"default","site-content-style":"default","site-sidebar-style":"default","ast-global-header-display":"","ast-banner-title-visibility":"","ast-main-header-display":"","ast-hfb-above-header-display":"","ast-hfb-below-header-display":"","ast-hfb-mobile-header-display":"","site-post-title":"disabled","ast-breadcrumbs-content":"","ast-featured-img":"disabled","footer-sml-layout":"","ast-disable-related-posts":"","theme-transparent-header-meta":"","adv-header-id-meta":"","stick-header-meta":"","header-above-stick-meta":"","header-main-stick-meta":"","header-below-stick-meta":"","astra-migrate-meta-layouts":"default","ast-page-background-enabled":"default","ast-page-background-meta":{"desktop":{"background-color":"var(--ast-global-color-4)","background-image":"","background-repeat":"repeat","background-position":"center center","background-size":"auto","background-attachment":"scroll","background-type":"","background-media":"","overlay-type":"","overlay-color":"","overlay-opacity":"","overlay-gradient":""},"tablet":{"background-color":"","background-image":"","background-repeat":"repeat","background-position":"center center","background-size":"auto","background-attachment":"scroll","background-type":"","background-media":"","overlay-type":"","overlay-color":"","overlay-opacity":"","overlay-gradient":""},"mobile":{"background-color":"","background-image":"","background-repeat":"repeat","background-position":"center center","background-size":"auto","background-attachment":"scroll","background-type":"","background-media":"","overlay-type":"","overlay-color":"","overlay-opacity":"","overlay-gradient":""}},"ast-content-background-meta":{"desktop":{"background-color":"var(--ast-global-color-5)","background-image":"","background-repeat":"repeat","background-position":"center center","background-size":"auto","background-attachment":"scroll","background-type":"","background-media":"","overlay-type":"","overlay-color":"","overlay-opacity":"","overlay-gradient":""},"tablet":{"background-color":"var(--ast-global-color-5)","background-image":"","background-repeat":"repeat","background-position":"center center","background-size":"auto","background-attachment":"scroll","background-type":"","background-media":"","overlay-type":"","overlay-color":"","overlay-opacity":"","overlay-gradient":""},"mobile":{"background-color":"var(--ast-global-color-5)","background-image":"","background-repeat":"repeat","background-position":"center center","background-size":"auto","background-attachment":"scroll","background-type":"","background-media":"","overlay-type":"","overlay-color":"","overlay-opacity":"","overlay-gradient":""}},"footnotes":""},"class_list":["post-22","page","type-page","status-publish","hentry"],"_links":{"self":[{"href":"https:\/\/felicikeys.fr\/index.php\/wp-json\/wp\/v2\/pages\/22","targetHints":{"allow":["GET"]}}],"collection":[{"href":"https:\/\/felicikeys.fr\/index.php\/wp-json\/wp\/v2\/pages"}],"about":[{"href":"https:\/\/felicikeys.fr\/index.php\/wp-json\/wp\/v2\/types\/page"}],"author":[{"embeddable":true,"href":"https:\/\/felicikeys.fr\/index.php\/wp-json\/wp\/v2\/users\/7"}],"replies":[{"embeddable":true,"href":"https:\/\/felicikeys.fr\/index.php\/wp-json\/wp\/v2\/comments?post=22"}],"version-history":[{"count":34,"href":"https:\/\/felicikeys.fr\/index.php\/wp-json\/wp\/v2\/pages\/22\/revisions"}],"predecessor-version":[{"id":183665,"href":"https:\/\/felicikeys.fr\/index.php\/wp-json\/wp\/v2\/pages\/22\/revisions\/183665"}],"wp:attachment":[{"href":"https:\/\/felicikeys.fr\/index.php\/wp-json\/wp\/v2\/media?parent=22"}],"curies":[{"name":"wp","href":"https:\/\/api.w.org\/{rel}","templated":true}]}}